{"id":510,"date":"2024-05-04T22:04:25","date_gmt":"2024-05-04T21:04:25","guid":{"rendered":"https:\/\/www.miriamhandmade.com\/?page_id=510"},"modified":"2024-07-11T20:02:53","modified_gmt":"2024-07-11T19:02:53","slug":"postage-payments","status":"publish","type":"page","link":"https:\/\/www.miriamhandmade.com\/sk\/postage-payments\/","title":{"rendered":"Platby  a Po\u0161tovn\u00e9"},"content":{"rendered":"<div data-elementor-type=\"wp-page\" data-elementor-id=\"510\" class=\"elementor elementor-510\" data-elementor-settings=\"{&quot;ha_cmc_init_switcher&quot;:&quot;no&quot;}\">\n\t\t\t\t<div class=\"elementor-element elementor-element-4b134e3 e-flex e-con-boxed e-con e-parent\" data-id=\"4b134e3\" data-element_type=\"container\" data-e-type=\"container\" data-settings=\"{&quot;_ha_eqh_enable&quot;:false}\">\n\t\t\t\t\t<div class=\"e-con-inner\">\n\t\t\t\t<div class=\"elementor-element elementor-element-fd3f28e elementor-widget elementor-widget-spacer\" data-id=\"fd3f28e\" data-element_type=\"widget\" data-e-type=\"widget\" data-widget_type=\"spacer.default\">\n\t\t\t\t<div class=\"elementor-widget-container\">\n\t\t\t\t\t\t\t<div class=\"elementor-spacer\">\n\t\t\t<div class=\"elementor-spacer-inner\"><\/div>\n\t\t<\/div>\n\t\t\t\t\t\t<\/div>\n\t\t\t\t<\/div>\n\t\t\t\t\t<\/div>\n\t\t\t\t<\/div>\n\t\t<div class=\"elementor-element elementor-element-f326007 e-flex e-con-boxed e-con e-parent\" data-id=\"f326007\" data-element_type=\"container\" data-e-type=\"container\" data-settings=\"{&quot;_ha_eqh_enable&quot;:false}\">\n\t\t\t\t\t<div class=\"e-con-inner\">\n\t\t\t\t<div class=\"elementor-element elementor-element-67e4ff8 elementor-widget elementor-widget-heading\" data-id=\"67e4ff8\" data-element_type=\"widget\" data-e-type=\"widget\" data-widget_type=\"heading.default\">\n\t\t\t\t<div class=\"elementor-widget-container\">\n\t\t\t\t\t<h2 class=\"elementor-heading-title elementor-size-default\">Platby  a Po\u0161tovn\u00e9<\/h2>\t\t\t\t<\/div>\n\t\t\t\t<\/div>\n\t\t\t\t\t<\/div>\n\t\t\t\t<\/div>\n\t\t<div class=\"elementor-element elementor-element-984d126 e-flex e-con-boxed e-con e-parent\" data-id=\"984d126\" data-element_type=\"container\" data-e-type=\"container\" data-settings=\"{&quot;_ha_eqh_enable&quot;:false}\">\n\t\t\t\t\t<div class=\"e-con-inner\">\n\t\t\t\t<div class=\"elementor-element elementor-element-ad8086b elementor-widget elementor-widget-text-editor\" data-id=\"ad8086b\" data-element_type=\"widget\" data-e-type=\"widget\" data-widget_type=\"text-editor.default\">\n\t\t\t\t<div class=\"elementor-widget-container\">\n\t\t\t\t\t\t\t\t\t<p>\u00a0<\/p><p>Miriam Handmade si vyhradzuje 3 t\u00fd\u017edne na v\u00fdrobu ru\u010dn\u00fdch v\u00fdrobkov.<\/p><p>Po zadan\u00ed va\u0161ej emailovej adresy dostanete potvrdenie o va\u0161ej objedn\u00e1vke  a kedy bude v\u00e1\u0161 v\u00fdrobok hotov\u00fd.\u00a0<\/p><p>Posielame celosvetovo a star\u00e1me sa o va\u0161u objedn\u00e1vku, aby pri\u0161la v poriadku.\u00a0<\/p>\t\t\t\t\t\t\t\t<\/div>\n\t\t\t\t<\/div>\n\t\t\t\t\t<\/div>\n\t\t\t\t<\/div>\n\t\t\t\t<\/div>","protected":false},"excerpt":{"rendered":"<p>Postage &#038; Payments \u00a0 Please allow up to 3 weeks for larger handmade items. If you have provided us with [&hellip;]<\/p>\n","protected":false},"author":1,"featured_media":0,"parent":0,"menu_order":0,"comment_status":"closed","ping_status":"closed","template":"","meta":{"site-sidebar-layout":"no-sidebar","site-content-layout":"","ast-site-content-layout":"full-width-container","site-content-style":"default","site-sidebar-style":"default","ast-global-header-display":"","ast-banner-title-visibility":"","ast-main-header-display":"","ast-hfb-above-header-display":"","ast-hfb-below-header-display":"","ast-hfb-mobile-header-display":"","site-post-title":"disabled","ast-breadcrumbs-content":"","ast-featured-img":"disabled","footer-sml-layout":"","ast-disable-related-posts":"","theme-transparent-header-meta":"","adv-header-id-meta":"","stick-header-meta":"","header-above-stick-meta":"","header-main-stick-meta":"","header-below-stick-meta":"","astra-migrate-meta-layouts":"default","ast-page-background-enabled":"default","ast-page-background-meta":{"desktop":{"background-color":"var(--ast-global-color-4)","background-image":"","background-repeat":"repeat","background-position":"center center","background-size":"auto","background-attachment":"scroll","background-type":"","background-media":"","overlay-type":"","overlay-color":"","overlay-opacity":"","overlay-gradient":""},"tablet":{"background-color":"","background-image":"","background-repeat":"repeat","background-position":"center center","background-size":"auto","background-attachment":"scroll","background-type":"","background-media":"","overlay-type":"","overlay-color":"","overlay-opacity":"","overlay-gradient":""},"mobile":{"background-color":"","background-image":"","background-repeat":"repeat","background-position":"center center","background-size":"auto","background-attachment":"scroll","background-type":"","background-media":"","overlay-type":"","overlay-color":"","overlay-opacity":"","overlay-gradient":""}},"ast-content-background-meta":{"desktop":{"background-color":"var(--ast-global-color-5)","background-image":"","background-repeat":"repeat","background-position":"center center","background-size":"auto","background-attachment":"scroll","background-type":"","background-media":"","overlay-type":"","overlay-color":"","overlay-opacity":"","overlay-gradient":""},"tablet":{"background-color":"var(--ast-global-color-5)","background-image":"","background-repeat":"repeat","background-position":"center center","background-size":"auto","background-attachment":"scroll","background-type":"","background-media":"","overlay-type":"","overlay-color":"","overlay-opacity":"","overlay-gradient":""},"mobile":{"background-color":"var(--ast-global-color-5)","background-image":"","background-repeat":"repeat","background-position":"center center","background-size":"auto","background-attachment":"scroll","background-type":"","background-media":"","overlay-type":"","overlay-color":"","overlay-opacity":"","overlay-gradient":""}},"footnotes":""},"class_list":["post-510","page","type-page","status-publish","hentry"],"yoast_head":"<!-- This site is optimized with the Yoast SEO plugin v27.4 - https:\/\/yoast.com\/product\/yoast-seo-wordpress\/ -->\n<title>Postage &amp; Payments - Miriam Handmade Items<\/title>\n<meta name=\"description\" content=\"miriamhandmade.com\" \/>\n<meta name=\"robots\" content=\"index, follow, max-snippet:-1, max-image-preview:large, max-video-preview:-1\" \/>\n<link rel=\"canonical\" href=\"https:\/\/www.miriamhandmade.com\/sk\/postage-payments\/\" \/>\n<meta property=\"og:locale\" content=\"sk_SK\" \/>\n<meta property=\"og:type\" content=\"article\" \/>\n<meta property=\"og:title\" content=\"Postage &amp; Payments - Miriam Handmade Items\" \/>\n<meta property=\"og:description\" content=\"miriamhandmade.com\" \/>\n<meta property=\"og:url\" content=\"https:\/\/www.miriamhandmade.com\/sk\/postage-payments\/\" \/>\n<meta property=\"og:site_name\" content=\"Miriam Handmade\" \/>\n<meta property=\"article:publisher\" content=\"https:\/\/www.facebook.com\/miriamhandmade1\/\" \/>\n<meta property=\"article:modified_time\" content=\"2024-07-11T19:02:53+00:00\" \/>\n<meta property=\"og:image\" content=\"https:\/\/www.miriamhandmade.com\/wp-content\/uploads\/2024\/06\/instories_445D64C6-1AC5-4598-ACDD-F35C6232F178-576x1024.png\" \/>\n\t<meta property=\"og:image:width\" content=\"576\" \/>\n\t<meta property=\"og:image:height\" content=\"1024\" \/>\n\t<meta property=\"og:image:type\" content=\"image\/png\" \/>\n<meta name=\"twitter:card\" content=\"summary_large_image\" \/>\n<meta name=\"twitter:label1\" content=\"Predpokladan\u00fd \u010das \u010d\u00edtania\" \/>\n\t<meta name=\"twitter:data1\" content=\"1 min\u00fata\" \/>\n<script type=\"application\/ld+json\" class=\"yoast-schema-graph\">{\"@context\":\"https:\\\/\\\/schema.org\",\"@graph\":[{\"@type\":\"WebPage\",\"@id\":\"https:\\\/\\\/www.miriamhandmade.com\\\/postage-payments\\\/\",\"url\":\"https:\\\/\\\/www.miriamhandmade.com\\\/postage-payments\\\/\",\"name\":\"Postage &amp; Payments - Miriam Handmade Items\",\"isPartOf\":{\"@id\":\"https:\\\/\\\/www.miriamhandmade.com\\\/#website\"},\"datePublished\":\"2024-05-04T21:04:25+00:00\",\"dateModified\":\"2024-07-11T19:02:53+00:00\",\"description\":\"miriamhandmade.com\",\"breadcrumb\":{\"@id\":\"https:\\\/\\\/www.miriamhandmade.com\\\/postage-payments\\\/#breadcrumb\"},\"inLanguage\":\"sk-SK\",\"potentialAction\":[{\"@type\":\"ReadAction\",\"target\":[\"https:\\\/\\\/www.miriamhandmade.com\\\/postage-payments\\\/\"]}]},{\"@type\":\"BreadcrumbList\",\"@id\":\"https:\\\/\\\/www.miriamhandmade.com\\\/postage-payments\\\/#breadcrumb\",\"itemListElement\":[{\"@type\":\"ListItem\",\"position\":1,\"name\":\"Home\",\"item\":\"https:\\\/\\\/www.miriamhandmade.com\\\/\"},{\"@type\":\"ListItem\",\"position\":2,\"name\":\"Postage &amp; Payments\"}]},{\"@type\":\"WebSite\",\"@id\":\"https:\\\/\\\/www.miriamhandmade.com\\\/#website\",\"url\":\"https:\\\/\\\/www.miriamhandmade.com\\\/\",\"name\":\"Miriam Handmade.com\",\"description\":\"Miriam Handmade Items\",\"publisher\":{\"@id\":\"https:\\\/\\\/www.miriamhandmade.com\\\/#organization\"},\"alternateName\":\"Miriam Handmade\",\"potentialAction\":[{\"@type\":\"SearchAction\",\"target\":{\"@type\":\"EntryPoint\",\"urlTemplate\":\"https:\\\/\\\/www.miriamhandmade.com\\\/?s={search_term_string}\"},\"query-input\":{\"@type\":\"PropertyValueSpecification\",\"valueRequired\":true,\"valueName\":\"search_term_string\"}}],\"inLanguage\":\"sk-SK\"},{\"@type\":\"Organization\",\"@id\":\"https:\\\/\\\/www.miriamhandmade.com\\\/#organization\",\"name\":\"Miriam Handmade\",\"url\":\"https:\\\/\\\/www.miriamhandmade.com\\\/\",\"logo\":{\"@type\":\"ImageObject\",\"inLanguage\":\"sk-SK\",\"@id\":\"https:\\\/\\\/www.miriamhandmade.com\\\/#\\\/schema\\\/logo\\\/image\\\/\",\"url\":\"https:\\\/\\\/www.miriamhandmade.com\\\/wp-content\\\/uploads\\\/2024\\\/06\\\/Miriam-Handmade-1.svg\",\"contentUrl\":\"https:\\\/\\\/www.miriamhandmade.com\\\/wp-content\\\/uploads\\\/2024\\\/06\\\/Miriam-Handmade-1.svg\",\"width\":500,\"height\":500,\"caption\":\"Miriam Handmade\"},\"image\":{\"@id\":\"https:\\\/\\\/www.miriamhandmade.com\\\/#\\\/schema\\\/logo\\\/image\\\/\"},\"sameAs\":[\"https:\\\/\\\/www.facebook.com\\\/miriamhandmade1\\\/\",\"https:\\\/\\\/www.instagram.com\\\/miriamhandmade_\\\/\"]}]}<\/script>\n<!-- \/ Yoast SEO plugin. -->","yoast_head_json":{"title":"Postage &amp; Payments - Miriam Handmade Items","description":"miriamhandmade.com","robots":{"index":"index","follow":"follow","max-snippet":"max-snippet:-1","max-image-preview":"max-image-preview:large","max-video-preview":"max-video-preview:-1"},"canonical":"https:\/\/www.miriamhandmade.com\/sk\/postage-payments\/","og_locale":"sk_SK","og_type":"article","og_title":"Postage &amp; Payments - Miriam Handmade Items","og_description":"miriamhandmade.com","og_url":"https:\/\/www.miriamhandmade.com\/sk\/postage-payments\/","og_site_name":"Miriam Handmade","article_publisher":"https:\/\/www.facebook.com\/miriamhandmade1\/","article_modified_time":"2024-07-11T19:02:53+00:00","og_image":[{"width":576,"height":1024,"url":"https:\/\/www.miriamhandmade.com\/wp-content\/uploads\/2024\/06\/instories_445D64C6-1AC5-4598-ACDD-F35C6232F178-576x1024.png","type":"image\/png"}],"twitter_card":"summary_large_image","twitter_misc":{"Predpokladan\u00fd \u010das \u010d\u00edtania":"1 min\u00fata"},"schema":{"@context":"https:\/\/schema.org","@graph":[{"@type":"WebPage","@id":"https:\/\/www.miriamhandmade.com\/postage-payments\/","url":"https:\/\/www.miriamhandmade.com\/postage-payments\/","name":"Postage &amp; Payments - Miriam Handmade Items","isPartOf":{"@id":"https:\/\/www.miriamhandmade.com\/#website"},"datePublished":"2024-05-04T21:04:25+00:00","dateModified":"2024-07-11T19:02:53+00:00","description":"miriamhandmade.com","breadcrumb":{"@id":"https:\/\/www.miriamhandmade.com\/postage-payments\/#breadcrumb"},"inLanguage":"sk-SK","potentialAction":[{"@type":"ReadAction","target":["https:\/\/www.miriamhandmade.com\/postage-payments\/"]}]},{"@type":"BreadcrumbList","@id":"https:\/\/www.miriamhandmade.com\/postage-payments\/#breadcrumb","itemListElement":[{"@type":"ListItem","position":1,"name":"Home","item":"https:\/\/www.miriamhandmade.com\/"},{"@type":"ListItem","position":2,"name":"Postage &amp; Payments"}]},{"@type":"WebSite","@id":"https:\/\/www.miriamhandmade.com\/#website","url":"https:\/\/www.miriamhandmade.com\/","name":"Miriam Handmade.com","description":"Miriam Handmade Items","publisher":{"@id":"https:\/\/www.miriamhandmade.com\/#organization"},"alternateName":"Miriam Handmade","potentialAction":[{"@type":"SearchAction","target":{"@type":"EntryPoint","urlTemplate":"https:\/\/www.miriamhandmade.com\/?s={search_term_string}"},"query-input":{"@type":"PropertyValueSpecification","valueRequired":true,"valueName":"search_term_string"}}],"inLanguage":"sk-SK"},{"@type":"Organization","@id":"https:\/\/www.miriamhandmade.com\/#organization","name":"Miriam Handmade","url":"https:\/\/www.miriamhandmade.com\/","logo":{"@type":"ImageObject","inLanguage":"sk-SK","@id":"https:\/\/www.miriamhandmade.com\/#\/schema\/logo\/image\/","url":"https:\/\/www.miriamhandmade.com\/wp-content\/uploads\/2024\/06\/Miriam-Handmade-1.svg","contentUrl":"https:\/\/www.miriamhandmade.com\/wp-content\/uploads\/2024\/06\/Miriam-Handmade-1.svg","width":500,"height":500,"caption":"Miriam Handmade"},"image":{"@id":"https:\/\/www.miriamhandmade.com\/#\/schema\/logo\/image\/"},"sameAs":["https:\/\/www.facebook.com\/miriamhandmade1\/","https:\/\/www.instagram.com\/miriamhandmade_\/"]}]}},"_links":{"self":[{"href":"https:\/\/www.miriamhandmade.com\/sk\/wp-json\/wp\/v2\/pages\/510","targetHints":{"allow":["GET"]}}],"collection":[{"href":"https:\/\/www.miriamhandmade.com\/sk\/wp-json\/wp\/v2\/pages"}],"about":[{"href":"https:\/\/www.miriamhandmade.com\/sk\/wp-json\/wp\/v2\/types\/page"}],"author":[{"embeddable":true,"href":"https:\/\/www.miriamhandmade.com\/sk\/wp-json\/wp\/v2\/users\/1"}],"replies":[{"embeddable":true,"href":"https:\/\/www.miriamhandmade.com\/sk\/wp-json\/wp\/v2\/comments?post=510"}],"version-history":[{"count":76,"href":"https:\/\/www.miriamhandmade.com\/sk\/wp-json\/wp\/v2\/pages\/510\/revisions"}],"predecessor-version":[{"id":1762,"href":"https:\/\/www.miriamhandmade.com\/sk\/wp-json\/wp\/v2\/pages\/510\/revisions\/1762"}],"wp:attachment":[{"href":"https:\/\/www.miriamhandmade.com\/sk\/wp-json\/wp\/v2\/media?parent=510"}],"curies":[{"name":"wp","href":"https:\/\/api.w.org\/{rel}","templated":true}]}}