{"id":735,"date":"2024-05-19T21:56:00","date_gmt":"2024-05-19T20:56:00","guid":{"rendered":"https:\/\/www.miriamhandmade.com\/?page_id=735"},"modified":"2024-07-11T20:08:05","modified_gmt":"2024-07-11T19:08:05","slug":"return-policy","status":"publish","type":"page","link":"https:\/\/www.miriamhandmade.com\/sk\/return-policy\/","title":{"rendered":"Reklama\u010dn\u00fd poriadok"},"content":{"rendered":"<div data-elementor-type=\"wp-page\" data-elementor-id=\"735\" class=\"elementor elementor-735\" data-elementor-settings=\"{&quot;ha_cmc_init_switcher&quot;:&quot;no&quot;}\">\n\t\t\t\t<div class=\"elementor-element elementor-element-322ed79 e-flex e-con-boxed e-con e-parent\" data-id=\"322ed79\" data-element_type=\"container\" data-e-type=\"container\" data-settings=\"{&quot;_ha_eqh_enable&quot;:false}\">\n\t\t\t\t\t<div class=\"e-con-inner\">\n\t\t\t\t<div class=\"elementor-element elementor-element-1426821 elementor-widget elementor-widget-spacer\" data-id=\"1426821\" data-element_type=\"widget\" data-e-type=\"widget\" data-widget_type=\"spacer.default\">\n\t\t\t\t<div class=\"elementor-widget-container\">\n\t\t\t\t\t\t\t<div class=\"elementor-spacer\">\n\t\t\t<div class=\"elementor-spacer-inner\"><\/div>\n\t\t<\/div>\n\t\t\t\t\t\t<\/div>\n\t\t\t\t<\/div>\n\t\t\t\t\t<\/div>\n\t\t\t\t<\/div>\n\t\t<div class=\"elementor-element elementor-element-119d4a7 e-flex e-con-boxed e-con e-parent\" data-id=\"119d4a7\" data-element_type=\"container\" data-e-type=\"container\" data-settings=\"{&quot;_ha_eqh_enable&quot;:false}\">\n\t\t\t\t\t<div class=\"e-con-inner\">\n\t\t\t\t<div class=\"elementor-element elementor-element-be8dab2 elementor-widget elementor-widget-heading\" data-id=\"be8dab2\" data-element_type=\"widget\" data-e-type=\"widget\" data-widget_type=\"heading.default\">\n\t\t\t\t<div class=\"elementor-widget-container\">\n\t\t\t\t\t<h2 class=\"elementor-heading-title elementor-size-default\">Reklama\u010dn\u00fd poriadok<\/h2>\t\t\t\t<\/div>\n\t\t\t\t<\/div>\n\t\t\t\t\t<\/div>\n\t\t\t\t<\/div>\n\t\t<div class=\"elementor-element elementor-element-e35e402 e-flex e-con-boxed e-con e-parent\" data-id=\"e35e402\" data-element_type=\"container\" data-e-type=\"container\" data-settings=\"{&quot;_ha_eqh_enable&quot;:false}\">\n\t\t\t\t\t<div class=\"e-con-inner\">\n\t\t\t\t<div class=\"elementor-element elementor-element-d4568ab elementor-widget elementor-widget-text-editor\" data-id=\"d4568ab\" data-element_type=\"widget\" data-e-type=\"widget\" data-widget_type=\"text-editor.default\">\n\t\t\t\t<div class=\"elementor-widget-container\">\n\t\t\t\t\t\t\t\t\t<p>\u00a0<\/p><p>Reklam\u00e1cia m\u00f4\u017ee by\u0165 akceptovan\u00e1, ke\u010f ide  o chybu v\u00fdrobcu.<\/p><p>Vr\u00e1tenie objedn\u00e1vky mus\u00ed by\u0165 schv\u00e1len\u00e9 <strong>Miriam Handmade<\/strong> na <strong>info@miriamhandmade.com<\/strong> a v\u00fdrobok mus\u00ed by\u0165 vr\u00e1ten\u00fd do 10 kalend\u00e1rnych dn\u00ed.<\/p><p>Ak zad\u00e1te objedn\u00e1vku a zmen\u00edte n\u00e1zor pred dokon\u010den\u00edm polo\u017eky, <strong>Miriam\u00a0 Handmade<\/strong> vr\u00e1ti sumu zn\u00ed\u017een\u00fa o 20%\u00a0<\/p><p>Po\u0161tovn\u00e9 nie je vratn\u00e9.<\/p>\t\t\t\t\t\t\t\t<\/div>\n\t\t\t\t<\/div>\n\t\t\t\t\t<\/div>\n\t\t\t\t<\/div>\n\t\t\t\t<\/div>","protected":false},"excerpt":{"rendered":"<p>Return Policy \u00a0 Returns can only be accepted if it is the fault of the crafter. The return must be [&hellip;]<\/p>\n","protected":false},"author":1,"featured_media":0,"parent":0,"menu_order":0,"comment_status":"closed","ping_status":"closed","template":"","meta":{"site-sidebar-layout":"no-sidebar","site-content-layout":"","ast-site-content-layout":"full-width-container","site-content-style":"default","site-sidebar-style":"default","ast-global-header-display":"","ast-banner-title-visibility":"","ast-main-header-display":"","ast-hfb-above-header-display":"","ast-hfb-below-header-display":"","ast-hfb-mobile-header-display":"","site-post-title":"disabled","ast-breadcrumbs-content":"","ast-featured-img":"disabled","footer-sml-layout":"","ast-disable-related-posts":"","theme-transparent-header-meta":"","adv-header-id-meta":"","stick-header-meta":"","header-above-stick-meta":"","header-main-stick-meta":"","header-below-stick-meta":"","astra-migrate-meta-layouts":"default","ast-page-background-enabled":"default","ast-page-background-meta":{"desktop":{"background-color":"var(--ast-global-color-4)","background-image":"","background-repeat":"repeat","background-position":"center center","background-size":"auto","background-attachment":"scroll","background-type":"","background-media":"","overlay-type":"","overlay-color":"","overlay-opacity":"","overlay-gradient":""},"tablet":{"background-color":"","background-image":"","background-repeat":"repeat","background-position":"center center","background-size":"auto","background-attachment":"scroll","background-type":"","background-media":"","overlay-type":"","overlay-color":"","overlay-opacity":"","overlay-gradient":""},"mobile":{"background-color":"","background-image":"","background-repeat":"repeat","background-position":"center center","background-size":"auto","background-attachment":"scroll","background-type":"","background-media":"","overlay-type":"","overlay-color":"","overlay-opacity":"","overlay-gradient":""}},"ast-content-background-meta":{"desktop":{"background-color":"var(--ast-global-color-5)","background-image":"","background-repeat":"repeat","background-position":"center center","background-size":"auto","background-attachment":"scroll","background-type":"","background-media":"","overlay-type":"","overlay-color":"","overlay-opacity":"","overlay-gradient":""},"tablet":{"background-color":"var(--ast-global-color-5)","background-image":"","background-repeat":"repeat","background-position":"center center","background-size":"auto","background-attachment":"scroll","background-type":"","background-media":"","overlay-type":"","overlay-color":"","overlay-opacity":"","overlay-gradient":""},"mobile":{"background-color":"var(--ast-global-color-5)","background-image":"","background-repeat":"repeat","background-position":"center center","background-size":"auto","background-attachment":"scroll","background-type":"","background-media":"","overlay-type":"","overlay-color":"","overlay-opacity":"","overlay-gradient":""}},"footnotes":""},"class_list":["post-735","page","type-page","status-publish","hentry"],"yoast_head":"<!-- This site is optimized with the Yoast SEO plugin v27.4 - https:\/\/yoast.com\/product\/yoast-seo-wordpress\/ -->\n<title>Return Policy - Miriam Handmade Items<\/title>\n<meta name=\"description\" content=\"miriamhandmade.com\" \/>\n<meta name=\"robots\" content=\"index, follow, max-snippet:-1, max-image-preview:large, max-video-preview:-1\" \/>\n<link rel=\"canonical\" href=\"https:\/\/www.miriamhandmade.com\/sk\/return-policy\/\" \/>\n<meta property=\"og:locale\" content=\"sk_SK\" \/>\n<meta property=\"og:type\" content=\"article\" \/>\n<meta property=\"og:title\" content=\"Return Policy - Miriam Handmade Items\" \/>\n<meta property=\"og:description\" content=\"miriamhandmade.com\" \/>\n<meta property=\"og:url\" content=\"https:\/\/www.miriamhandmade.com\/sk\/return-policy\/\" \/>\n<meta property=\"og:site_name\" content=\"Miriam Handmade\" \/>\n<meta property=\"article:publisher\" content=\"https:\/\/www.facebook.com\/miriamhandmade1\/\" \/>\n<meta property=\"article:modified_time\" content=\"2024-07-11T19:08:05+00:00\" \/>\n<meta property=\"og:image\" content=\"https:\/\/www.miriamhandmade.com\/wp-content\/uploads\/2024\/06\/instories_445D64C6-1AC5-4598-ACDD-F35C6232F178-576x1024.png\" \/>\n\t<meta property=\"og:image:width\" content=\"576\" \/>\n\t<meta property=\"og:image:height\" content=\"1024\" \/>\n\t<meta property=\"og:image:type\" content=\"image\/png\" \/>\n<meta name=\"twitter:card\" content=\"summary_large_image\" \/>\n<meta name=\"twitter:label1\" content=\"Predpokladan\u00fd \u010das \u010d\u00edtania\" \/>\n\t<meta name=\"twitter:data1\" content=\"1 min\u00fata\" \/>\n<script type=\"application\/ld+json\" class=\"yoast-schema-graph\">{\"@context\":\"https:\\\/\\\/schema.org\",\"@graph\":[{\"@type\":\"WebPage\",\"@id\":\"https:\\\/\\\/www.miriamhandmade.com\\\/return-policy\\\/\",\"url\":\"https:\\\/\\\/www.miriamhandmade.com\\\/return-policy\\\/\",\"name\":\"Return Policy - Miriam Handmade Items\",\"isPartOf\":{\"@id\":\"https:\\\/\\\/www.miriamhandmade.com\\\/#website\"},\"datePublished\":\"2024-05-19T20:56:00+00:00\",\"dateModified\":\"2024-07-11T19:08:05+00:00\",\"description\":\"miriamhandmade.com\",\"breadcrumb\":{\"@id\":\"https:\\\/\\\/www.miriamhandmade.com\\\/return-policy\\\/#breadcrumb\"},\"inLanguage\":\"sk-SK\",\"potentialAction\":[{\"@type\":\"ReadAction\",\"target\":[\"https:\\\/\\\/www.miriamhandmade.com\\\/return-policy\\\/\"]}]},{\"@type\":\"BreadcrumbList\",\"@id\":\"https:\\\/\\\/www.miriamhandmade.com\\\/return-policy\\\/#breadcrumb\",\"itemListElement\":[{\"@type\":\"ListItem\",\"position\":1,\"name\":\"Home\",\"item\":\"https:\\\/\\\/www.miriamhandmade.com\\\/\"},{\"@type\":\"ListItem\",\"position\":2,\"name\":\"Return Policy\"}]},{\"@type\":\"WebSite\",\"@id\":\"https:\\\/\\\/www.miriamhandmade.com\\\/#website\",\"url\":\"https:\\\/\\\/www.miriamhandmade.com\\\/\",\"name\":\"Miriam Handmade.com\",\"description\":\"Miriam Handmade Items\",\"publisher\":{\"@id\":\"https:\\\/\\\/www.miriamhandmade.com\\\/#organization\"},\"alternateName\":\"Miriam Handmade\",\"potentialAction\":[{\"@type\":\"SearchAction\",\"target\":{\"@type\":\"EntryPoint\",\"urlTemplate\":\"https:\\\/\\\/www.miriamhandmade.com\\\/?s={search_term_string}\"},\"query-input\":{\"@type\":\"PropertyValueSpecification\",\"valueRequired\":true,\"valueName\":\"search_term_string\"}}],\"inLanguage\":\"sk-SK\"},{\"@type\":\"Organization\",\"@id\":\"https:\\\/\\\/www.miriamhandmade.com\\\/#organization\",\"name\":\"Miriam Handmade\",\"url\":\"https:\\\/\\\/www.miriamhandmade.com\\\/\",\"logo\":{\"@type\":\"ImageObject\",\"inLanguage\":\"sk-SK\",\"@id\":\"https:\\\/\\\/www.miriamhandmade.com\\\/#\\\/schema\\\/logo\\\/image\\\/\",\"url\":\"https:\\\/\\\/www.miriamhandmade.com\\\/wp-content\\\/uploads\\\/2024\\\/06\\\/Miriam-Handmade-1.svg\",\"contentUrl\":\"https:\\\/\\\/www.miriamhandmade.com\\\/wp-content\\\/uploads\\\/2024\\\/06\\\/Miriam-Handmade-1.svg\",\"width\":500,\"height\":500,\"caption\":\"Miriam Handmade\"},\"image\":{\"@id\":\"https:\\\/\\\/www.miriamhandmade.com\\\/#\\\/schema\\\/logo\\\/image\\\/\"},\"sameAs\":[\"https:\\\/\\\/www.facebook.com\\\/miriamhandmade1\\\/\",\"https:\\\/\\\/www.instagram.com\\\/miriamhandmade_\\\/\"]}]}<\/script>\n<!-- \/ Yoast SEO plugin. -->","yoast_head_json":{"title":"Return Policy - Miriam Handmade Items","description":"miriamhandmade.com","robots":{"index":"index","follow":"follow","max-snippet":"max-snippet:-1","max-image-preview":"max-image-preview:large","max-video-preview":"max-video-preview:-1"},"canonical":"https:\/\/www.miriamhandmade.com\/sk\/return-policy\/","og_locale":"sk_SK","og_type":"article","og_title":"Return Policy - Miriam Handmade Items","og_description":"miriamhandmade.com","og_url":"https:\/\/www.miriamhandmade.com\/sk\/return-policy\/","og_site_name":"Miriam Handmade","article_publisher":"https:\/\/www.facebook.com\/miriamhandmade1\/","article_modified_time":"2024-07-11T19:08:05+00:00","og_image":[{"width":576,"height":1024,"url":"https:\/\/www.miriamhandmade.com\/wp-content\/uploads\/2024\/06\/instories_445D64C6-1AC5-4598-ACDD-F35C6232F178-576x1024.png","type":"image\/png"}],"twitter_card":"summary_large_image","twitter_misc":{"Predpokladan\u00fd \u010das \u010d\u00edtania":"1 min\u00fata"},"schema":{"@context":"https:\/\/schema.org","@graph":[{"@type":"WebPage","@id":"https:\/\/www.miriamhandmade.com\/return-policy\/","url":"https:\/\/www.miriamhandmade.com\/return-policy\/","name":"Return Policy - Miriam Handmade Items","isPartOf":{"@id":"https:\/\/www.miriamhandmade.com\/#website"},"datePublished":"2024-05-19T20:56:00+00:00","dateModified":"2024-07-11T19:08:05+00:00","description":"miriamhandmade.com","breadcrumb":{"@id":"https:\/\/www.miriamhandmade.com\/return-policy\/#breadcrumb"},"inLanguage":"sk-SK","potentialAction":[{"@type":"ReadAction","target":["https:\/\/www.miriamhandmade.com\/return-policy\/"]}]},{"@type":"BreadcrumbList","@id":"https:\/\/www.miriamhandmade.com\/return-policy\/#breadcrumb","itemListElement":[{"@type":"ListItem","position":1,"name":"Home","item":"https:\/\/www.miriamhandmade.com\/"},{"@type":"ListItem","position":2,"name":"Return Policy"}]},{"@type":"WebSite","@id":"https:\/\/www.miriamhandmade.com\/#website","url":"https:\/\/www.miriamhandmade.com\/","name":"Miriam Handmade.com","description":"Miriam Handmade Items","publisher":{"@id":"https:\/\/www.miriamhandmade.com\/#organization"},"alternateName":"Miriam Handmade","potentialAction":[{"@type":"SearchAction","target":{"@type":"EntryPoint","urlTemplate":"https:\/\/www.miriamhandmade.com\/?s={search_term_string}"},"query-input":{"@type":"PropertyValueSpecification","valueRequired":true,"valueName":"search_term_string"}}],"inLanguage":"sk-SK"},{"@type":"Organization","@id":"https:\/\/www.miriamhandmade.com\/#organization","name":"Miriam Handmade","url":"https:\/\/www.miriamhandmade.com\/","logo":{"@type":"ImageObject","inLanguage":"sk-SK","@id":"https:\/\/www.miriamhandmade.com\/#\/schema\/logo\/image\/","url":"https:\/\/www.miriamhandmade.com\/wp-content\/uploads\/2024\/06\/Miriam-Handmade-1.svg","contentUrl":"https:\/\/www.miriamhandmade.com\/wp-content\/uploads\/2024\/06\/Miriam-Handmade-1.svg","width":500,"height":500,"caption":"Miriam Handmade"},"image":{"@id":"https:\/\/www.miriamhandmade.com\/#\/schema\/logo\/image\/"},"sameAs":["https:\/\/www.facebook.com\/miriamhandmade1\/","https:\/\/www.instagram.com\/miriamhandmade_\/"]}]}},"_links":{"self":[{"href":"https:\/\/www.miriamhandmade.com\/sk\/wp-json\/wp\/v2\/pages\/735","targetHints":{"allow":["GET"]}}],"collection":[{"href":"https:\/\/www.miriamhandmade.com\/sk\/wp-json\/wp\/v2\/pages"}],"about":[{"href":"https:\/\/www.miriamhandmade.com\/sk\/wp-json\/wp\/v2\/types\/page"}],"author":[{"embeddable":true,"href":"https:\/\/www.miriamhandmade.com\/sk\/wp-json\/wp\/v2\/users\/1"}],"replies":[{"embeddable":true,"href":"https:\/\/www.miriamhandmade.com\/sk\/wp-json\/wp\/v2\/comments?post=735"}],"version-history":[{"count":79,"href":"https:\/\/www.miriamhandmade.com\/sk\/wp-json\/wp\/v2\/pages\/735\/revisions"}],"predecessor-version":[{"id":1771,"href":"https:\/\/www.miriamhandmade.com\/sk\/wp-json\/wp\/v2\/pages\/735\/revisions\/1771"}],"wp:attachment":[{"href":"https:\/\/www.miriamhandmade.com\/sk\/wp-json\/wp\/v2\/media?parent=735"}],"curies":[{"name":"wp","href":"https:\/\/api.w.org\/{rel}","templated":true}]}}